{"id":96,"date":"2019-09-23T06:49:39","date_gmt":"2019-09-23T09:49:39","guid":{"rendered":"http:\/\/demo.keonthemes.com\/travelbiz\/?page_id=96"},"modified":"2021-04-19T19:49:31","modified_gmt":"2021-04-19T22:49:31","slug":"por-que-somos-a-melhor-opcao","status":"publish","type":"page","link":"https:\/\/travelseeker.com.br\/?page_id=96","title":{"rendered":"Por que somos a melhor op\u00e7\u00e3o?"},"content":{"rendered":"\t\t<div data-elementor-type=\"wp-page\" data-elementor-id=\"96\" class=\"elementor elementor-96\" data-elementor-settings=\"[]\">\n\t\t\t\t\t\t<div class=\"elementor-inner\">\n\t\t\t\t\t\t\t<div class=\"elementor-section-wrap\">\n\t\t\t\t\t\t\t<section class=\"elementor-section elementor-top-section elementor-element elementor-element-22197a9b elementor-section-boxed elementor-section-height-default elementor-section-height-default\" data-id=\"22197a9b\" data-element_type=\"section\">\n\t\t\t\t\t\t<div class=\"elementor-container elementor-column-gap-default\">\n\t\t\t\t\t\t\t<div class=\"elementor-row\">\n\t\t\t\t\t<div class=\"elementor-column elementor-col-100 elementor-top-column elementor-element elementor-element-13f93a28\" data-id=\"13f93a28\" data-element_type=\"column\">\n\t\t\t<div class=\"elementor-column-wrap elementor-element-populated\">\n\t\t\t\t\t\t\t<div class=\"elementor-widget-wrap\">\n\t\t\t\t\t\t<div class=\"elementor-element elementor-element-66a7905 elementor-widget elementor-widget-text-editor\" data-id=\"66a7905\" data-element_type=\"widget\" data-widget_type=\"text-editor.default\">\n\t\t\t\t<div class=\"elementor-widget-container\">\n\t\t\t\t\t<div class=\"elementor-text-editor elementor-clearfix\"><p><!-- wp:paragraph --><\/p>\n<p>A <strong><em>TRAVEL SEEKER<\/em><\/strong> foi criada por nosso diretor <strong><em>Wagner Borges<\/em><\/strong>, que possui mais de 30 anos de experi\u00eancia no turismo em viagens a lazer (individual ou em fam\u00edlia), grupos, incentivo ou corporativo.<\/p>\n<p>O principal objetivo \u00e9 entregar uma viagem com servi\u00e7os de excel\u00eancia por especialistas em seus destinos, aos turistas e executivos do corporativo, atrav\u00e9s de fornecedores altamente qualificados e superavaliados por nossa equipe comercial.<\/p>\n<p>Nosso compromisso \u00e9 entregar um servi\u00e7o inigual\u00e1vel, com atendimento e roteiros personalizados em destinos nacionais e internacionais, sem perder agilidade no retorno. Trabalhamos com fornecedores que atendem todas as expectativas dos nossos clientes.<\/p>\n<p>Contamos com especialistas em diversos destinos, efetuando uma gest\u00e3o de viagens ativa por profissionais experientes. Refletindo em uma maior economia nas viagens, sem perder a excel\u00eancia nos servi\u00e7os e garantimos atendimento 24 horas por dia, 7 dias por semana aos nossos clientes.<\/p>\n<p><!-- \/wp:paragraph --><\/p><\/div>\n\t\t\t\t<\/div>\n\t\t\t\t<\/div>\n\t\t\t\t\t\t<\/div>\n\t\t\t\t\t<\/div>\n\t\t<\/div>\n\t\t\t\t\t\t\t\t<\/div>\n\t\t\t\t\t<\/div>\n\t\t<\/section>\n\t\t\t\t\t\t<\/div>\n\t\t\t\t\t\t<\/div>\n\t\t\t\t\t<\/div>\n\t\t","protected":false},"excerpt":{"rendered":"<p>A TRAVEL SEEKER foi criada por nosso diretor Wagner Borges, que possui mais de 30 anos de experi\u00eancia no turismo em viagens a lazer (individual ou em fam\u00edlia), grupos, incentivo ou corporativo. O principal objetivo \u00e9 entregar uma viagem com servi\u00e7os de excel\u00eancia por especialistas em seus destinos, aos turistas e executivos do corporativo, atrav\u00e9s [&hellip;]<\/p>\n","protected":false},"author":1,"featured_media":711,"parent":0,"menu_order":0,"comment_status":"closed","ping_status":"closed","template":"","meta":[],"_links":{"self":[{"href":"https:\/\/travelseeker.com.br\/index.php?rest_route=\/wp\/v2\/pages\/96"}],"collection":[{"href":"https:\/\/travelseeker.com.br\/index.php?rest_route=\/wp\/v2\/pages"}],"about":[{"href":"https:\/\/travelseeker.com.br\/index.php?rest_route=\/wp\/v2\/types\/page"}],"author":[{"embeddable":true,"href":"https:\/\/travelseeker.com.br\/index.php?rest_route=\/wp\/v2\/users\/1"}],"replies":[{"embeddable":true,"href":"https:\/\/travelseeker.com.br\/index.php?rest_route=%2Fwp%2Fv2%2Fcomments&post=96"}],"version-history":[{"count":10,"href":"https:\/\/travelseeker.com.br\/index.php?rest_route=\/wp\/v2\/pages\/96\/revisions"}],"predecessor-version":[{"id":557,"href":"https:\/\/travelseeker.com.br\/index.php?rest_route=\/wp\/v2\/pages\/96\/revisions\/557"}],"wp:featuredmedia":[{"embeddable":true,"href":"https:\/\/travelseeker.com.br\/index.php?rest_route=\/wp\/v2\/media\/711"}],"wp:attachment":[{"href":"https:\/\/travelseeker.com.br\/index.php?rest_route=%2Fwp%2Fv2%2Fmedia&parent=96"}],"curies":[{"name":"wp","href":"https:\/\/api.w.org\/{rel}","templated":true}]}}